{"id":178,"date":"2024-11-12T03:20:14","date_gmt":"2024-11-12T02:20:14","guid":{"rendered":"https:\/\/www.healthxistence.com\/?page_id=178"},"modified":"2025-06-11T10:31:32","modified_gmt":"2025-06-11T08:31:32","slug":"datenschutzerklaerung-healthxistence-deine-daten-sind-sicher","status":"publish","type":"page","link":"https:\/\/www.healthxistence.com\/en\/datenschutzerklaerung-healthxistence-deine-daten-sind-sicher","title":{"rendered":"Privacy Policy"},"content":{"rendered":"\t\t<div data-elementor-type=\"wp-page\" data-elementor-id=\"178\" class=\"elementor elementor-178\" data-elementor-post-type=\"page\">\n\t\t\t\t<div class=\"elementor-element elementor-element-db299f4 e-con-full e-flex e-con e-parent\" data-id=\"db299f4\" data-element_type=\"container\" data-e-type=\"container\">\n\t\t\t\t<\/div>\n\t\t<div class=\"elementor-element elementor-element-5dbd5a8 e-con-full e-flex e-con e-parent\" data-id=\"5dbd5a8\" data-element_type=\"container\" data-e-type=\"container\">\n\t\t\t\t<div class=\"elementor-element elementor-element-6bda30c elementor-widget elementor-widget-text-editor\" data-id=\"6bda30c\" data-element_type=\"widget\" data-e-type=\"widget\" data-widget_type=\"text-editor.default\">\n\t\t\t\t<div class=\"elementor-widget-container\">\n\t\t\t\t\t\t\t\t\t<p><span style=\"font-size: 16px; color: var( --e-global-color-text ); text-align: var(--text-align);\"><b>1. Allgemeine Hinweise<\/b><\/span><\/p><p>Diese Datenschutzerkl\u00e4rung informiert Sie \u00fcber die Art, den Umfang und Zweck der Verarbeitung von personenbezogenen Daten auf unserer Website.<\/p><p><b>2. Verantwortlicher<br \/><\/b>[Dein Name]<br \/>[Deine Adresse]<br \/>[Kontakt-E-Mail-Adresse]<\/p><p><b>3. Erhebung und Speicherung personenbezogener Daten sowie Art und Zweck von deren Verwendung<br \/><\/b>a) Beim Besuch der Website<br \/>Beim Aufrufen unserer Website werden durch den auf Ihrem Endger\u00e4t zum Einsatz kommenden Browser automatisch Informationen an den Server unserer Website gesendet. Diese Informationen werden tempor\u00e4r in einem sogenannten Logfile gespeichert. Folgende Informationen werden dabei ohne Ihr Zutun erfasst und bis zur automatisierten L\u00f6schung gespeichert:<br \/>&#8211; IP-Adresse des anfragenden Rechners<br \/>&#8211; Datum und Uhrzeit des Zugriffs<br \/>&#8211; Name und URL der abgerufenen Datei<br \/>&#8211; Website, von der aus der Zugriff erfolgt (Referrer-URL)<br \/>&#8211; Verwendeter Browser und ggf. das Betriebssystem Ihres Rechners sowie der Name Ihres Access-Providers<\/p><p>Die genannten Daten werden durch uns zu folgenden Zwecken verarbeitet:<br \/>&#8211; Gew\u00e4hrleistung eines reibungslosen Verbindungsaufbaus der Website,<br \/>&#8211; Gew\u00e4hrleistung einer komfortablen Nutzung unserer Website,<br \/>&#8211; Auswertung der Systemsicherheit und -stabilit\u00e4t sowie<br \/>&#8211; zu weiteren administrativen Zwecken.<\/p><p>Die Rechtsgrundlage f\u00fcr die Datenverarbeitung ist Art. 6 Abs. 1 S. 1 lit. f DSGVO.<\/p><p>b) Google Analytics<br \/>Unsere Website verwendet Google Analytics, einen Webanalysedienst der Google LLC. (\u201eGoogle\u201c). Google Analytics verwendet sog. \u201eCookies\u201c, Textdateien, die auf Ihrem Computer gespeichert werden und die eine Analyse der Benutzung der Website durch Sie erm\u00f6glichen.<\/p><p>Die durch das Cookie erzeugten Informationen \u00fcber Ihre Benutzung dieser Website werden in der Regel an einen Server von Google in den USA \u00fcbertragen und dort gespeichert.<\/p><p>Wir haben auf dieser Website die IP-Anonymisierung aktiviert, sodass Ihre IP-Adresse innerhalb von Mitgliedstaaten der Europ\u00e4ischen Union oder in anderen Vertragsstaaten des Abkommens \u00fcber den Europ\u00e4ischen Wirtschaftsraum zuvor gek\u00fcrzt wird. Nur in Ausnahmef\u00e4llen wird die volle IP-Adresse an einen Server von Google in den USA \u00fcbertragen und dort gek\u00fcrzt.<\/p><p>Rechtsgrundlage f\u00fcr die Nutzung von Google Analytics ist Art. 6 Abs. 1 S. 1 lit. f DSGVO.<\/p><p>c) Kontaktformular<br \/>Wenn Sie uns per Kontaktformular Anfragen zukommen lassen, werden Ihre Angaben aus dem Anfrageformular inklusive der von Ihnen dort angegebenen Kontaktdaten zwecks Bearbeitung der Anfrage und f\u00fcr den Fall von Anschlussfragen bei uns gespeichert. Diese Daten geben wir nicht ohne Ihre Einwilligung weiter.<\/p><p>Die Verarbeitung der in das Kontaktformular eingegebenen Daten erfolgt somit ausschlie\u00dflich auf Grundlage Ihrer Einwilligung (Art. 6 Abs. 1 lit. a DSGVO).<\/p><p>d) Newsletter-Anmeldung<br \/>Wenn Sie den auf der Website angebotenen Newsletter beziehen m\u00f6chten, ben\u00f6tigen wir von Ihnen eine E-Mail-Adresse sowie Informationen, welche uns die \u00dcberpr\u00fcfung gestatten, dass Sie der Inhaber der angegebenen E-Mail-Adresse sind und mit dem Empfang des Newsletters einverstanden sind. Zur Gew\u00e4hrleistung einer einverst\u00e4ndlichen Newsletter-Versendung nutzen wir das sogenannte Double-Opt-In-Verfahren. Hierbei wird der potentielle Empf\u00e4nger in den Verteiler aufgenommen. Anschlie\u00dfend erh\u00e4lt der Nutzer durch eine Best\u00e4tigungs-E-Mail die M\u00f6glichkeit, die Anmeldung rechtssicher zu best\u00e4tigen.<\/p><p>Rechtsgrundlage f\u00fcr die Verarbeitung der Daten nach Anmeldung zum Newsletters ist bei Vorliegen einer Einwilligung des Nutzers Art. 6 Abs. 1 lit. a DSGVO.<\/p><p><b>4. Weitergabe von Daten<br \/><\/b>Eine \u00dcbermittlung Ihrer pers\u00f6nlichen Daten an Dritte zu anderen als den im Folgenden aufgef\u00fchrten Zwecken findet nicht statt.<\/p><p>Wir geben Ihre pers\u00f6nlichen Daten nur an Dritte weiter, wenn:<br \/>&#8211; Sie Ihre nach Art. 6 Abs. 1 S. 1 lit. a DSGVO ausdr\u00fcckliche Einwilligung dazu erteilt haben,<br \/>&#8211; die Weitergabe nach Art. 6 Abs. 1 S. 1 lit. f DSGVO zur Geltendmachung, Aus\u00fcbung oder Verteidigung von Rechtsanspr\u00fcchen erforderlich ist und kein Grund zur Annahme besteht, dass Sie ein \u00fcberwiegendes schutzw\u00fcrdiges Interesse an der Nichtweitergabe Ihrer Daten haben,<br \/>&#8211; f\u00fcr den Fall, dass f\u00fcr die Weitergabe nach Art. 6 Abs. 1 S. 1 lit. c DSGVO eine gesetzliche Verpflichtung besteht, sowie<br \/>&#8211; dies gesetzlich zul\u00e4ssig und nach Art. 6 Abs. 1 S. 1 lit. b DSGVO f\u00fcr die Abwicklung von Vertragsverh\u00e4ltnissen mit Ihnen erforderlich ist.<\/p><p><b>5. Betroffenenrechte<br \/><\/b>Sie haben das Recht:<br \/>&#8211; gem\u00e4ss Art. 15 DSGVO Auskunft \u00fcber Ihre von uns verarbeiteten personenbezogenen Daten zu verlangen,<br \/>&#8211; gem\u00e4ss Art. 16 DSGVO unverz\u00fcglich die Berichtigung unrichtiger oder Vervollst\u00e4ndigung Ihrer bei uns gespeicherten personenbezogenen Daten zu verlangen,<br \/>&#8211; gem\u00e4ss Art. 17 DSGVO die L\u00f6schung Ihrer bei uns gespeicherten personenbezogenen Daten zu verlangen,<br \/>&#8211; gem\u00e4ss Art. 18 DSGVO die Einschr\u00e4nkung der Verarbeitung Ihrer personenbezogenen Daten zu verlangen,<br \/>&#8211; gem\u00e4ss Art. 20 DSGVO Ihre personenbezogenen Daten, die Sie uns bereitgestellt haben, in einem strukturierten, g\u00e4ngigen und maschinenlesbaren Format zu erhalten oder die \u00dcbermittlung an einen anderen Verantwortlichen zu verlangen und<br \/>&#8211; gem\u00e4ss Art. 7 Abs. 3 DSGVO Ihre einmal erteilte Einwilligung jederzeit gegen\u00fcber uns zu widerrufen.<\/p><p><b>6. Affiliate-Links und Werbepartnerschaften <\/b><br \/>Auf einigen Seiten dieser Website verwenden wir sogenannte Affiliate-Links. Wenn du \u00fcber einen solchen Link ein Produkt oder eine Dienstleistung kaufst, erhalten wir eine kleine Provision vom jeweiligen Anbieter. F\u00fcr dich entstehen dadurch keine zus\u00e4tzlichen Kosten. Diese Links helfen uns, die Inhalte von Healthxistence kostenlos und unabh\u00e4ngig bereitzustellen. Wir verlinken nur Produkte oder Angebote, die zu unseren Themen passen \u2013 insbesondere in den Bereichen Fitness, Ern\u00e4hrung und mentale Gesundheit \u2013 und die wir f\u00fcr empfehlenswert halten. Die Verarbeitung erfolgt gem\u00e4\u00df Art. 6 Abs. 1 lit. f DSGVO (berechtigtes Interesse an der Finanzierung unseres Angebots).<\/p><p><b>7. Aktualit\u00e4t und \u00c4nderung dieser Datenschutzerkl\u00e4rung<br \/><\/b>Diese Datenschutzerkl\u00e4rung ist aktuell g\u00fcltig und hat den Stand 11.06.2025.<\/p>\t\t\t\t\t\t\t\t<\/div>\n\t\t\t\t<\/div>\n\t\t\t\t<\/div>\n\t\t\t\t<\/div>\n\t\t","protected":false},"excerpt":{"rendered":"<p>1. Allgemeine Hinweise Diese Datenschutzerkl\u00e4rung informiert Sie \u00fcber die Art, den Umfang und Zweck der Verarbeitung von personenbezogenen Daten auf unserer Website. 2. Verantwortlicher[Dein Name][Deine Adresse][Kontakt-E-Mail-Adresse] 3. Erhebung und Speicherung personenbezogener Daten sowie Art und Zweck von deren Verwendunga) Beim Besuch der WebsiteBeim Aufrufen unserer Website werden durch den auf Ihrem Endger\u00e4t zum Einsatz kommenden [&hellip;]<\/p>\n","protected":false},"author":1,"featured_media":0,"parent":0,"menu_order":0,"comment_status":"closed","ping_status":"closed","template":"","meta":{"footnotes":""},"class_list":["post-178","page","type-page","status-publish","hentry"],"yoast_head":"<!-- This site is optimized with the Yoast SEO plugin v27.4 - https:\/\/yoast.com\/product\/yoast-seo-wordpress\/ -->\n<title>Datenschutzerkl\u00e4rung | Healthxistence \u2013 Deine Daten sind sicher<\/title>\n<meta name=\"description\" content=\"Hier erf\u00e4hrst du alles \u00fcber die Verarbeitung deiner personenbezogenen Daten auf Healthxistence: Serverdaten, Cookies, Google Analytics.\" \/>\n<meta name=\"robots\" content=\"index, follow, max-snippet:-1, max-image-preview:large, max-video-preview:-1\" \/>\n<link rel=\"canonical\" href=\"https:\/\/www.healthxistence.com\/en\/datenschutzerklaerung-healthxistence-deine-daten-sind-sicher\/\" \/>\n<meta property=\"og:locale\" content=\"en_US\" \/>\n<meta property=\"og:type\" content=\"article\" \/>\n<meta property=\"og:title\" content=\"Datenschutzerkl\u00e4rung | Healthxistence \u2013 Deine Daten sind sicher\" \/>\n<meta property=\"og:description\" content=\"Hier erf\u00e4hrst du alles \u00fcber die Verarbeitung deiner personenbezogenen Daten auf Healthxistence: Serverdaten, Cookies, Google Analytics.\" \/>\n<meta property=\"og:url\" content=\"https:\/\/www.healthxistence.com\/en\/datenschutzerklaerung-healthxistence-deine-daten-sind-sicher\/\" \/>\n<meta property=\"og:site_name\" content=\"Healthxistence\" \/>\n<meta property=\"article:modified_time\" content=\"2025-06-11T08:31:32+00:00\" \/>\n<meta name=\"twitter:card\" content=\"summary_large_image\" \/>\n<meta name=\"twitter:label1\" content=\"Est. reading time\" \/>\n\t<meta name=\"twitter:data1\" content=\"5 minutes\" \/>\n<script type=\"application\/ld+json\" class=\"yoast-schema-graph\">{\"@context\":\"https:\\\/\\\/schema.org\",\"@graph\":[{\"@type\":\"WebPage\",\"@id\":\"https:\\\/\\\/www.healthxistence.com\\\/datenschutzerklaerung-healthxistence-deine-daten-sind-sicher\",\"url\":\"https:\\\/\\\/www.healthxistence.com\\\/datenschutzerklaerung-healthxistence-deine-daten-sind-sicher\",\"name\":\"Datenschutzerkl\u00e4rung | Healthxistence \u2013 Deine Daten sind sicher\",\"isPartOf\":{\"@id\":\"https:\\\/\\\/www.healthxistence.com\\\/#website\"},\"datePublished\":\"2024-11-12T02:20:14+00:00\",\"dateModified\":\"2025-06-11T08:31:32+00:00\",\"description\":\"Hier erf\u00e4hrst du alles \u00fcber die Verarbeitung deiner personenbezogenen Daten auf Healthxistence: Serverdaten, Cookies, Google Analytics.\",\"breadcrumb\":{\"@id\":\"https:\\\/\\\/www.healthxistence.com\\\/datenschutzerklaerung-healthxistence-deine-daten-sind-sicher#breadcrumb\"},\"inLanguage\":\"en-US\",\"potentialAction\":[{\"@type\":\"ReadAction\",\"target\":[\"https:\\\/\\\/www.healthxistence.com\\\/datenschutzerklaerung-healthxistence-deine-daten-sind-sicher\"]}]},{\"@type\":\"BreadcrumbList\",\"@id\":\"https:\\\/\\\/www.healthxistence.com\\\/datenschutzerklaerung-healthxistence-deine-daten-sind-sicher#breadcrumb\",\"itemListElement\":[{\"@type\":\"ListItem\",\"position\":1,\"name\":\"Startseite\",\"item\":\"https:\\\/\\\/www.healthxistence.com\\\/\"},{\"@type\":\"ListItem\",\"position\":2,\"name\":\"Datenschutz\"}]},{\"@type\":\"WebSite\",\"@id\":\"https:\\\/\\\/www.healthxistence.com\\\/#website\",\"url\":\"https:\\\/\\\/www.healthxistence.com\\\/\",\"name\":\"Healthxistence\",\"description\":\"\",\"publisher\":{\"@id\":\"https:\\\/\\\/www.healthxistence.com\\\/#organization\"},\"potentialAction\":[{\"@type\":\"SearchAction\",\"target\":{\"@type\":\"EntryPoint\",\"urlTemplate\":\"https:\\\/\\\/www.healthxistence.com\\\/?s={search_term_string}\"},\"query-input\":{\"@type\":\"PropertyValueSpecification\",\"valueRequired\":true,\"valueName\":\"search_term_string\"}}],\"inLanguage\":\"en-US\"},{\"@type\":\"Organization\",\"@id\":\"https:\\\/\\\/www.healthxistence.com\\\/#organization\",\"name\":\"Healthxistence\",\"url\":\"https:\\\/\\\/www.healthxistence.com\\\/\",\"logo\":{\"@type\":\"ImageObject\",\"inLanguage\":\"en-US\",\"@id\":\"https:\\\/\\\/www.healthxistence.com\\\/#\\\/schema\\\/logo\\\/image\\\/\",\"url\":\"https:\\\/\\\/www.healthxistence.com\\\/wp-content\\\/uploads\\\/2024\\\/11\\\/Healthxistence-5.webp\",\"contentUrl\":\"https:\\\/\\\/www.healthxistence.com\\\/wp-content\\\/uploads\\\/2024\\\/11\\\/Healthxistence-5.webp\",\"width\":1666,\"height\":387,\"caption\":\"Healthxistence\"},\"image\":{\"@id\":\"https:\\\/\\\/www.healthxistence.com\\\/#\\\/schema\\\/logo\\\/image\\\/\"}}]}<\/script>\n<!-- \/ Yoast SEO plugin. -->","yoast_head_json":{"title":"Datenschutzerkl\u00e4rung | Healthxistence \u2013 Deine Daten sind sicher","description":"Hier erf\u00e4hrst du alles \u00fcber die Verarbeitung deiner personenbezogenen Daten auf Healthxistence: Serverdaten, Cookies, Google Analytics.","robots":{"index":"index","follow":"follow","max-snippet":"max-snippet:-1","max-image-preview":"max-image-preview:large","max-video-preview":"max-video-preview:-1"},"canonical":"https:\/\/www.healthxistence.com\/en\/datenschutzerklaerung-healthxistence-deine-daten-sind-sicher\/","og_locale":"en_US","og_type":"article","og_title":"Datenschutzerkl\u00e4rung | Healthxistence \u2013 Deine Daten sind sicher","og_description":"Hier erf\u00e4hrst du alles \u00fcber die Verarbeitung deiner personenbezogenen Daten auf Healthxistence: Serverdaten, Cookies, Google Analytics.","og_url":"https:\/\/www.healthxistence.com\/en\/datenschutzerklaerung-healthxistence-deine-daten-sind-sicher\/","og_site_name":"Healthxistence","article_modified_time":"2025-06-11T08:31:32+00:00","twitter_card":"summary_large_image","twitter_misc":{"Est. reading time":"5 minutes"},"schema":{"@context":"https:\/\/schema.org","@graph":[{"@type":"WebPage","@id":"https:\/\/www.healthxistence.com\/datenschutzerklaerung-healthxistence-deine-daten-sind-sicher","url":"https:\/\/www.healthxistence.com\/datenschutzerklaerung-healthxistence-deine-daten-sind-sicher","name":"Datenschutzerkl\u00e4rung | Healthxistence \u2013 Deine Daten sind sicher","isPartOf":{"@id":"https:\/\/www.healthxistence.com\/#website"},"datePublished":"2024-11-12T02:20:14+00:00","dateModified":"2025-06-11T08:31:32+00:00","description":"Hier erf\u00e4hrst du alles \u00fcber die Verarbeitung deiner personenbezogenen Daten auf Healthxistence: Serverdaten, Cookies, Google Analytics.","breadcrumb":{"@id":"https:\/\/www.healthxistence.com\/datenschutzerklaerung-healthxistence-deine-daten-sind-sicher#breadcrumb"},"inLanguage":"en-US","potentialAction":[{"@type":"ReadAction","target":["https:\/\/www.healthxistence.com\/datenschutzerklaerung-healthxistence-deine-daten-sind-sicher"]}]},{"@type":"BreadcrumbList","@id":"https:\/\/www.healthxistence.com\/datenschutzerklaerung-healthxistence-deine-daten-sind-sicher#breadcrumb","itemListElement":[{"@type":"ListItem","position":1,"name":"Startseite","item":"https:\/\/www.healthxistence.com\/"},{"@type":"ListItem","position":2,"name":"Datenschutz"}]},{"@type":"WebSite","@id":"https:\/\/www.healthxistence.com\/#website","url":"https:\/\/www.healthxistence.com\/","name":"Healthxistence","description":"","publisher":{"@id":"https:\/\/www.healthxistence.com\/#organization"},"potentialAction":[{"@type":"SearchAction","target":{"@type":"EntryPoint","urlTemplate":"https:\/\/www.healthxistence.com\/?s={search_term_string}"},"query-input":{"@type":"PropertyValueSpecification","valueRequired":true,"valueName":"search_term_string"}}],"inLanguage":"en-US"},{"@type":"Organization","@id":"https:\/\/www.healthxistence.com\/#organization","name":"Healthxistence","url":"https:\/\/www.healthxistence.com\/","logo":{"@type":"ImageObject","inLanguage":"en-US","@id":"https:\/\/www.healthxistence.com\/#\/schema\/logo\/image\/","url":"https:\/\/www.healthxistence.com\/wp-content\/uploads\/2024\/11\/Healthxistence-5.webp","contentUrl":"https:\/\/www.healthxistence.com\/wp-content\/uploads\/2024\/11\/Healthxistence-5.webp","width":1666,"height":387,"caption":"Healthxistence"},"image":{"@id":"https:\/\/www.healthxistence.com\/#\/schema\/logo\/image\/"}}]}},"rttpg_featured_image_url":null,"rttpg_author":{"display_name":"Pablo Gubbi","author_link":"https:\/\/www.healthxistence.com\/en\/author\/pablo-gubbi"},"rttpg_comment":0,"rttpg_category":null,"rttpg_excerpt":"1. Allgemeine Hinweise Diese Datenschutzerkl\u00e4rung informiert Sie \u00fcber die Art, den Umfang und Zweck der Verarbeitung von personenbezogenen Daten auf unserer Website. 2. Verantwortlicher[Dein Name][Deine Adresse][Kontakt-E-Mail-Adresse] 3. Erhebung und Speicherung personenbezogener Daten sowie Art und Zweck von deren Verwendunga) Beim Besuch der WebsiteBeim Aufrufen unserer Website werden durch den auf Ihrem Endger\u00e4t zum Einsatz kommenden&hellip;","_links":{"self":[{"href":"https:\/\/www.healthxistence.com\/en\/wp-json\/wp\/v2\/pages\/178","targetHints":{"allow":["GET"]}}],"collection":[{"href":"https:\/\/www.healthxistence.com\/en\/wp-json\/wp\/v2\/pages"}],"about":[{"href":"https:\/\/www.healthxistence.com\/en\/wp-json\/wp\/v2\/types\/page"}],"author":[{"embeddable":true,"href":"https:\/\/www.healthxistence.com\/en\/wp-json\/wp\/v2\/users\/1"}],"replies":[{"embeddable":true,"href":"https:\/\/www.healthxistence.com\/en\/wp-json\/wp\/v2\/comments?post=178"}],"version-history":[{"count":12,"href":"https:\/\/www.healthxistence.com\/en\/wp-json\/wp\/v2\/pages\/178\/revisions"}],"predecessor-version":[{"id":1412,"href":"https:\/\/www.healthxistence.com\/en\/wp-json\/wp\/v2\/pages\/178\/revisions\/1412"}],"wp:attachment":[{"href":"https:\/\/www.healthxistence.com\/en\/wp-json\/wp\/v2\/media?parent=178"}],"curies":[{"name":"wp","href":"https:\/\/api.w.org\/{rel}","templated":true}]}}