{"id":173,"date":"2024-11-12T03:17:09","date_gmt":"2024-11-12T02:17:09","guid":{"rendered":"https:\/\/www.healthxistence.com\/?page_id=173"},"modified":"2025-10-19T14:18:00","modified_gmt":"2025-10-19T12:18:00","slug":"impressum","status":"publish","type":"page","link":"https:\/\/www.healthxistence.com\/en\/impressum","title":{"rendered":"Terms of Service"},"content":{"rendered":"<div data-elementor-type=\"wp-page\" data-elementor-id=\"173\" class=\"elementor elementor-173\" data-elementor-post-type=\"page\">\n\t\t\t\t<div class=\"elementor-element elementor-element-8905a55 e-con-full e-flex e-con e-parent\" data-id=\"8905a55\" data-element_type=\"container\" data-e-type=\"container\">\n\t\t\t\t<\/div>\n\t\t<div class=\"elementor-element elementor-element-5dbd5a8 e-con-full e-flex e-con e-parent\" data-id=\"5dbd5a8\" data-element_type=\"container\" data-e-type=\"container\">\n\t\t\t\t<div class=\"elementor-element elementor-element-6bda30c elementor-widget elementor-widget-text-editor\" data-id=\"6bda30c\" data-element_type=\"widget\" data-e-type=\"widget\" data-widget_type=\"text-editor.default\">\n\t\t\t\t<div class=\"elementor-widget-container\">\n\t\t\t\t\t\t\t\t\t<p><strong>Responsible for the content of this website:<\/strong><br \/>Healthxistence<\/p><p>Contact\u00a0<br \/>healthxistence.business@gmail.com\u00a0<\/p><p><strong>Disclaimer of liability<\/strong><\/p><p><strong>Liability for content<\/strong><br \/>As a service provider, we are responsible for our own content on this website in accordance with general legislation. However, we assume no liability for the topicality, correctness, completeness or quality of the information provided. Liability claims against us relating to material or non-material damage caused by the use or non-use of the information provided are excluded, unless there is evidence of wilful intent or gross negligence.<\/p><p><strong>Liability for links<\/strong><br \/>Our website contains links to external third-party websites over whose content we have no influence. Therefore, we cannot accept any liability for this third-party content. The respective provider or operator of the pages is always responsible for the content of the linked pages.<\/p><p><strong>Copyright<\/strong><br \/>The content and works created by the site operators on these pages are subject to Swiss copyright law. Third-party contributions are labelled as such. Reproduction, editing, distribution and any kind of utilisation outside the limits of copyright law require the written consent of the respective author or creator.<\/p>\t\t\t\t\t\t\t\t<\/div>\n\t\t\t\t<\/div>\n\t\t\t\t<\/div>\n\t\t\t\t<\/div>","protected":false},"excerpt":{"rendered":"<p>Verantwortlich f\u00fcr den Inhalt dieser Webseite:Healthxistence Kontakt\u00a0healthxistence.business@gmail.com\u00a0 Haftungsausschluss Haftung f\u00fcr InhalteAls Diensteanbieter sind wir f\u00fcr eigene Inhalte auf dieser Website nach den allgemeinen Gesetzen verantwortlich. F\u00fcr die Aktualit\u00e4t, Korrektheit, Vollst\u00e4ndigkeit oder Qualit\u00e4t der bereitgestellten Informationen \u00fcbernehmen wir jedoch keine Gew\u00e4hr. Haftungsanspr\u00fcche gegen uns, die sich auf Sch\u00e4den materieller oder ideeller Art beziehen, die durch die [&hellip;]<\/p>\n","protected":false},"author":1,"featured_media":0,"parent":0,"menu_order":0,"comment_status":"closed","ping_status":"closed","template":"","meta":{"footnotes":""},"class_list":["post-173","page","type-page","status-publish","hentry"],"yoast_head":"<!-- This site is optimized with the Yoast SEO plugin v27.4 - https:\/\/yoast.com\/product\/yoast-seo-wordpress\/ -->\n<title>Impressum | Healthxistence \u2013 Betreiberinformationen &amp; rechtliche<\/title>\n<meta name=\"description\" content=\"Impressum der Webseite Healthxistence. Hier finden Sie alle rechtlichen Angaben zum Betreiber, Kontakt und Verantwortlichkeit gem\u00e4\u00df \u00a7 5 TMG.\" \/>\n<meta name=\"robots\" content=\"index, follow, max-snippet:-1, max-image-preview:large, max-video-preview:-1\" \/>\n<link rel=\"canonical\" href=\"https:\/\/www.healthxistence.com\/en\/impressum\/\" \/>\n<meta property=\"og:locale\" content=\"en_US\" \/>\n<meta property=\"og:type\" content=\"article\" \/>\n<meta property=\"og:title\" content=\"Impressum | Healthxistence \u2013 Betreiberinformationen &amp; rechtliche\" \/>\n<meta property=\"og:description\" content=\"Impressum der Webseite Healthxistence. Hier finden Sie alle rechtlichen Angaben zum Betreiber, Kontakt und Verantwortlichkeit gem\u00e4\u00df \u00a7 5 TMG.\" \/>\n<meta property=\"og:url\" content=\"https:\/\/www.healthxistence.com\/en\/impressum\/\" \/>\n<meta property=\"og:site_name\" content=\"Healthxistence\" \/>\n<meta property=\"article:modified_time\" content=\"2025-10-19T12:18:00+00:00\" \/>\n<meta name=\"twitter:card\" content=\"summary_large_image\" \/>\n<meta name=\"twitter:label1\" content=\"Est. reading time\" \/>\n\t<meta name=\"twitter:data1\" content=\"1 minute\" \/>\n<script type=\"application\/ld+json\" class=\"yoast-schema-graph\">{\"@context\":\"https:\\\/\\\/schema.org\",\"@graph\":[{\"@type\":\"WebPage\",\"@id\":\"https:\\\/\\\/www.healthxistence.com\\\/impressum\",\"url\":\"https:\\\/\\\/www.healthxistence.com\\\/impressum\",\"name\":\"Impressum | Healthxistence \u2013 Betreiberinformationen & rechtliche\",\"isPartOf\":{\"@id\":\"https:\\\/\\\/www.healthxistence.com\\\/#website\"},\"datePublished\":\"2024-11-12T02:17:09+00:00\",\"dateModified\":\"2025-10-19T12:18:00+00:00\",\"description\":\"Impressum der Webseite Healthxistence. Hier finden Sie alle rechtlichen Angaben zum Betreiber, Kontakt und Verantwortlichkeit gem\u00e4\u00df \u00a7 5 TMG.\",\"breadcrumb\":{\"@id\":\"https:\\\/\\\/www.healthxistence.com\\\/impressum#breadcrumb\"},\"inLanguage\":\"en-US\",\"potentialAction\":[{\"@type\":\"ReadAction\",\"target\":[\"https:\\\/\\\/www.healthxistence.com\\\/impressum\"]}]},{\"@type\":\"BreadcrumbList\",\"@id\":\"https:\\\/\\\/www.healthxistence.com\\\/impressum#breadcrumb\",\"itemListElement\":[{\"@type\":\"ListItem\",\"position\":1,\"name\":\"Startseite\",\"item\":\"https:\\\/\\\/www.healthxistence.com\\\/\"},{\"@type\":\"ListItem\",\"position\":2,\"name\":\"Impressum\"}]},{\"@type\":\"WebSite\",\"@id\":\"https:\\\/\\\/www.healthxistence.com\\\/#website\",\"url\":\"https:\\\/\\\/www.healthxistence.com\\\/\",\"name\":\"Healthxistence\",\"description\":\"\",\"publisher\":{\"@id\":\"https:\\\/\\\/www.healthxistence.com\\\/#organization\"},\"potentialAction\":[{\"@type\":\"SearchAction\",\"target\":{\"@type\":\"EntryPoint\",\"urlTemplate\":\"https:\\\/\\\/www.healthxistence.com\\\/?s={search_term_string}\"},\"query-input\":{\"@type\":\"PropertyValueSpecification\",\"valueRequired\":true,\"valueName\":\"search_term_string\"}}],\"inLanguage\":\"en-US\"},{\"@type\":\"Organization\",\"@id\":\"https:\\\/\\\/www.healthxistence.com\\\/#organization\",\"name\":\"Healthxistence\",\"url\":\"https:\\\/\\\/www.healthxistence.com\\\/\",\"logo\":{\"@type\":\"ImageObject\",\"inLanguage\":\"en-US\",\"@id\":\"https:\\\/\\\/www.healthxistence.com\\\/#\\\/schema\\\/logo\\\/image\\\/\",\"url\":\"https:\\\/\\\/www.healthxistence.com\\\/wp-content\\\/uploads\\\/2024\\\/11\\\/Healthxistence-5.webp\",\"contentUrl\":\"https:\\\/\\\/www.healthxistence.com\\\/wp-content\\\/uploads\\\/2024\\\/11\\\/Healthxistence-5.webp\",\"width\":1666,\"height\":387,\"caption\":\"Healthxistence\"},\"image\":{\"@id\":\"https:\\\/\\\/www.healthxistence.com\\\/#\\\/schema\\\/logo\\\/image\\\/\"}}]}<\/script>\n<!-- \/ Yoast SEO plugin. -->","yoast_head_json":{"title":"Impressum | Healthxistence \u2013 Betreiberinformationen & rechtliche","description":"Impressum der Webseite Healthxistence. Hier finden Sie alle rechtlichen Angaben zum Betreiber, Kontakt und Verantwortlichkeit gem\u00e4\u00df \u00a7 5 TMG.","robots":{"index":"index","follow":"follow","max-snippet":"max-snippet:-1","max-image-preview":"max-image-preview:large","max-video-preview":"max-video-preview:-1"},"canonical":"https:\/\/www.healthxistence.com\/en\/impressum\/","og_locale":"en_US","og_type":"article","og_title":"Impressum | Healthxistence \u2013 Betreiberinformationen & rechtliche","og_description":"Impressum der Webseite Healthxistence. Hier finden Sie alle rechtlichen Angaben zum Betreiber, Kontakt und Verantwortlichkeit gem\u00e4\u00df \u00a7 5 TMG.","og_url":"https:\/\/www.healthxistence.com\/en\/impressum\/","og_site_name":"Healthxistence","article_modified_time":"2025-10-19T12:18:00+00:00","twitter_card":"summary_large_image","twitter_misc":{"Est. reading time":"1 minute"},"schema":{"@context":"https:\/\/schema.org","@graph":[{"@type":"WebPage","@id":"https:\/\/www.healthxistence.com\/impressum","url":"https:\/\/www.healthxistence.com\/impressum","name":"Impressum | Healthxistence \u2013 Betreiberinformationen & rechtliche","isPartOf":{"@id":"https:\/\/www.healthxistence.com\/#website"},"datePublished":"2024-11-12T02:17:09+00:00","dateModified":"2025-10-19T12:18:00+00:00","description":"Impressum der Webseite Healthxistence. Hier finden Sie alle rechtlichen Angaben zum Betreiber, Kontakt und Verantwortlichkeit gem\u00e4\u00df \u00a7 5 TMG.","breadcrumb":{"@id":"https:\/\/www.healthxistence.com\/impressum#breadcrumb"},"inLanguage":"en-US","potentialAction":[{"@type":"ReadAction","target":["https:\/\/www.healthxistence.com\/impressum"]}]},{"@type":"BreadcrumbList","@id":"https:\/\/www.healthxistence.com\/impressum#breadcrumb","itemListElement":[{"@type":"ListItem","position":1,"name":"Startseite","item":"https:\/\/www.healthxistence.com\/"},{"@type":"ListItem","position":2,"name":"Impressum"}]},{"@type":"WebSite","@id":"https:\/\/www.healthxistence.com\/#website","url":"https:\/\/www.healthxistence.com\/","name":"Healthxistence","description":"","publisher":{"@id":"https:\/\/www.healthxistence.com\/#organization"},"potentialAction":[{"@type":"SearchAction","target":{"@type":"EntryPoint","urlTemplate":"https:\/\/www.healthxistence.com\/?s={search_term_string}"},"query-input":{"@type":"PropertyValueSpecification","valueRequired":true,"valueName":"search_term_string"}}],"inLanguage":"en-US"},{"@type":"Organization","@id":"https:\/\/www.healthxistence.com\/#organization","name":"Healthxistence","url":"https:\/\/www.healthxistence.com\/","logo":{"@type":"ImageObject","inLanguage":"en-US","@id":"https:\/\/www.healthxistence.com\/#\/schema\/logo\/image\/","url":"https:\/\/www.healthxistence.com\/wp-content\/uploads\/2024\/11\/Healthxistence-5.webp","contentUrl":"https:\/\/www.healthxistence.com\/wp-content\/uploads\/2024\/11\/Healthxistence-5.webp","width":1666,"height":387,"caption":"Healthxistence"},"image":{"@id":"https:\/\/www.healthxistence.com\/#\/schema\/logo\/image\/"}}]}},"rttpg_featured_image_url":null,"rttpg_author":{"display_name":"Pablo Gubbi","author_link":"https:\/\/www.healthxistence.com\/en\/author\/pablo-gubbi"},"rttpg_comment":0,"rttpg_category":null,"rttpg_excerpt":"Verantwortlich f\u00fcr den Inhalt dieser Webseite:Healthxistence Kontakt\u00a0healthxistence.business@gmail.com\u00a0 Haftungsausschluss Haftung f\u00fcr InhalteAls Diensteanbieter sind wir f\u00fcr eigene Inhalte auf dieser Website nach den allgemeinen Gesetzen verantwortlich. F\u00fcr die Aktualit\u00e4t, Korrektheit, Vollst\u00e4ndigkeit oder Qualit\u00e4t der bereitgestellten Informationen \u00fcbernehmen wir jedoch keine Gew\u00e4hr. Haftungsanspr\u00fcche gegen uns, die sich auf Sch\u00e4den materieller oder ideeller Art beziehen, die durch die&hellip;","_links":{"self":[{"href":"https:\/\/www.healthxistence.com\/en\/wp-json\/wp\/v2\/pages\/173","targetHints":{"allow":["GET"]}}],"collection":[{"href":"https:\/\/www.healthxistence.com\/en\/wp-json\/wp\/v2\/pages"}],"about":[{"href":"https:\/\/www.healthxistence.com\/en\/wp-json\/wp\/v2\/types\/page"}],"author":[{"embeddable":true,"href":"https:\/\/www.healthxistence.com\/en\/wp-json\/wp\/v2\/users\/1"}],"replies":[{"embeddable":true,"href":"https:\/\/www.healthxistence.com\/en\/wp-json\/wp\/v2\/comments?post=173"}],"version-history":[{"count":15,"href":"https:\/\/www.healthxistence.com\/en\/wp-json\/wp\/v2\/pages\/173\/revisions"}],"predecessor-version":[{"id":1784,"href":"https:\/\/www.healthxistence.com\/en\/wp-json\/wp\/v2\/pages\/173\/revisions\/1784"}],"wp:attachment":[{"href":"https:\/\/www.healthxistence.com\/en\/wp-json\/wp\/v2\/media?parent=173"}],"curies":[{"name":"wp","href":"https:\/\/api.w.org\/{rel}","templated":true}]}}