{"id":120,"date":"2024-11-12T01:27:17","date_gmt":"2024-11-12T00:27:17","guid":{"rendered":"https:\/\/www.healthxistence.com\/?page_id=120"},"modified":"2026-02-22T19:46:43","modified_gmt":"2026-02-22T18:46:43","slug":"ueber-uns","status":"publish","type":"page","link":"https:\/\/www.healthxistence.com\/en\/ueber-uns","title":{"rendered":""},"content":{"rendered":"<div data-elementor-type=\"wp-page\" data-elementor-id=\"120\" class=\"elementor elementor-120\" data-elementor-post-type=\"page\">\n\t\t\t\t<div class=\"elementor-element elementor-element-5b8a5dc6 e-con-full e-flex e-con e-parent\" data-id=\"5b8a5dc6\" data-element_type=\"container\" data-e-type=\"container\">\n\t\t<div class=\"elementor-element elementor-element-3e4ea7c2 e-con-full e-flex e-con e-child\" data-id=\"3e4ea7c2\" data-element_type=\"container\" data-e-type=\"container\" data-settings=\"{&quot;background_background&quot;:&quot;classic&quot;}\">\n\t\t\t\t<div class=\"elementor-element elementor-element-f84ea36 elementor-widget__width-initial elementor-widget elementor-widget-heading\" data-id=\"f84ea36\" data-element_type=\"widget\" data-e-type=\"widget\" data-widget_type=\"heading.default\">\n\t\t\t\t<div class=\"elementor-widget-container\">\n\t\t\t\t\t<h1 class=\"elementor-heading-title elementor-size-default\">About us<\/h1>\t\t\t\t<\/div>\n\t\t\t\t<\/div>\n\t\t\t\t<div class=\"elementor-element elementor-element-4151db85 elementor-widget elementor-widget-text-editor\" data-id=\"4151db85\" data-element_type=\"widget\" data-e-type=\"widget\" data-widget_type=\"text-editor.default\">\n\t\t\t\t<div class=\"elementor-widget-container\">\n\t\t\t\t\t\t\t\t\t<p>Healthxistence ist eine Plattform f\u00fcr Wohlbefinden, Gesundheit und pers\u00f6nliche Entwicklung, mit dem Ziel, verl\u00e4ssliche Informationen und praktische Strategien bereitzustellen, um die Lebensqualit\u00e4t nachhaltig zu verbessern. Hier findest du fundierte Einblicke in Fitness, ausgewogene Ern\u00e4hrung und allgemeines Wohlbefinden, mit einfachen und alltagstauglichen L\u00f6sungen.<\/p>\t\t\t\t\t\t\t\t<\/div>\n\t\t\t\t<\/div>\n\t\t\t\t<\/div>\n\t\t<div class=\"elementor-element elementor-element-73faf231 e-con-full e-flex e-con e-child\" data-id=\"73faf231\" data-element_type=\"container\" data-e-type=\"container\">\n\t\t\t\t<div class=\"elementor-element elementor-element-2593883f elementor-widget elementor-widget-image\" data-id=\"2593883f\" data-element_type=\"widget\" data-e-type=\"widget\" data-widget_type=\"image.default\">\n\t\t\t\t<div class=\"elementor-widget-container\">\n\t\t\t\t\t\t\t\t\t\t\t\t\t\t\t<img fetchpriority=\"high\" decoding=\"async\" width=\"2560\" height=\"1523\" src=\"https:\/\/www.healthxistence.com\/wp-content\/uploads\/2024\/11\/iStock-1477241200-scaled.jpg\" class=\"attachment-full size-full wp-image-605\" alt=\"\" srcset=\"https:\/\/www.healthxistence.com\/wp-content\/uploads\/2024\/11\/iStock-1477241200-scaled.jpg 2560w, https:\/\/www.healthxistence.com\/wp-content\/uploads\/2024\/11\/iStock-1477241200-300x178.jpg 300w, https:\/\/www.healthxistence.com\/wp-content\/uploads\/2024\/11\/iStock-1477241200-1024x609.jpg 1024w, https:\/\/www.healthxistence.com\/wp-content\/uploads\/2024\/11\/iStock-1477241200-768x457.jpg 768w, https:\/\/www.healthxistence.com\/wp-content\/uploads\/2024\/11\/iStock-1477241200-1536x914.jpg 1536w, https:\/\/www.healthxistence.com\/wp-content\/uploads\/2024\/11\/iStock-1477241200-2048x1218.jpg 2048w, https:\/\/www.healthxistence.com\/wp-content\/uploads\/2024\/11\/iStock-1477241200-18x12.jpg 18w\" sizes=\"(max-width: 2560px) 100vw, 2560px\" \/>\t\t\t\t\t\t\t\t\t\t\t\t\t\t\t<\/div>\n\t\t\t\t<\/div>\n\t\t\t\t<\/div>\n\t\t\t\t<div class=\"elementor-element elementor-element-03873db elementor-widget__width-initial elementor-widget elementor-widget-heading\" data-id=\"03873db\" data-element_type=\"widget\" data-e-type=\"widget\" data-widget_type=\"heading.default\">\n\t\t\t\t<div class=\"elementor-widget-container\">\n\t\t\t\t\t<h2 class=\"elementor-heading-title elementor-size-default\">Was erwartet dich auf Healthxistence? <\/h2>\t\t\t\t<\/div>\n\t\t\t\t<\/div>\n\t\t\t\t<\/div>\n\t\t<div class=\"elementor-element elementor-element-5b9b2c3 e-flex e-con-boxed e-con e-parent\" data-id=\"5b9b2c3\" data-element_type=\"container\" data-e-type=\"container\" data-settings=\"{&quot;background_background&quot;:&quot;classic&quot;}\">\n\t\t\t\t\t<div class=\"e-con-inner\">\n\t\t<div class=\"elementor-element elementor-element-55bddd7e e-con-full e-flex e-con e-child\" data-id=\"55bddd7e\" data-element_type=\"container\" data-e-type=\"container\">\n\t\t\t\t<div class=\"elementor-element elementor-element-6d53a6c elementor-widget elementor-widget-heading\" data-id=\"6d53a6c\" data-element_type=\"widget\" data-e-type=\"widget\" data-widget_type=\"heading.default\">\n\t\t\t\t<div class=\"elementor-widget-container\">\n\t\t\t\t\t<h4 class=\"elementor-heading-title elementor-size-default\">Strategien<\/h4>\t\t\t\t<\/div>\n\t\t\t\t<\/div>\n\t\t\t\t<div class=\"elementor-element elementor-element-49b44e3b elementor-widget elementor-widget-text-editor\" data-id=\"49b44e3b\" data-element_type=\"widget\" data-e-type=\"widget\" data-widget_type=\"text-editor.default\">\n\t\t\t\t<div class=\"elementor-widget-container\">\n\t\t\t\t\t\t\t\t\t<p>F\u00fcr Wohlbefinden und pers\u00f6nliche Entwicklung<\/p>\t\t\t\t\t\t\t\t<\/div>\n\t\t\t\t<\/div>\n\t\t\t\t<\/div>\n\t\t<div class=\"elementor-element elementor-element-1c229d2e e-con-full e-flex e-con e-child\" data-id=\"1c229d2e\" data-element_type=\"container\" data-e-type=\"container\">\n\t\t\t\t<div class=\"elementor-element elementor-element-7ae7879a elementor-widget elementor-widget-heading\" data-id=\"7ae7879a\" data-element_type=\"widget\" data-e-type=\"widget\" data-widget_type=\"heading.default\">\n\t\t\t\t<div class=\"elementor-widget-container\">\n\t\t\t\t\t<h4 class=\"elementor-heading-title elementor-size-default\">Wissenswerte Inhalte<\/h4>\t\t\t\t<\/div>\n\t\t\t\t<\/div>\n\t\t\t\t<div class=\"elementor-element elementor-element-aa6ed8b elementor-widget elementor-widget-text-editor\" data-id=\"aa6ed8b\" data-element_type=\"widget\" data-e-type=\"widget\" data-widget_type=\"text-editor.default\">\n\t\t\t\t<div class=\"elementor-widget-container\">\n\t\t\t\t\t\t\t\t\t<p>Zu Fitness und gesunder Ern\u00e4hrung<\/p>\t\t\t\t\t\t\t\t<\/div>\n\t\t\t\t<\/div>\n\t\t\t\t<\/div>\n\t\t<div class=\"elementor-element elementor-element-6b544e7c e-con-full e-flex e-con e-child\" data-id=\"6b544e7c\" data-element_type=\"container\" data-e-type=\"container\">\n\t\t\t\t<div class=\"elementor-element elementor-element-263b476e elementor-widget elementor-widget-heading\" data-id=\"263b476e\" data-element_type=\"widget\" data-e-type=\"widget\" data-widget_type=\"heading.default\">\n\t\t\t\t<div class=\"elementor-widget-container\">\n\t\t\t\t\t<h4 class=\"elementor-heading-title elementor-size-default\">Praktische L\u00f6sungen<\/h4>\t\t\t\t<\/div>\n\t\t\t\t<\/div>\n\t\t\t\t<div class=\"elementor-element elementor-element-4f277e16 elementor-widget elementor-widget-text-editor\" data-id=\"4f277e16\" data-element_type=\"widget\" data-e-type=\"widget\" data-widget_type=\"text-editor.default\">\n\t\t\t\t<div class=\"elementor-widget-container\">\n\t\t\t\t\t\t\t\t\t<p>F\u00fcr einen gesunden Lebensstil<\/p>\t\t\t\t\t\t\t\t<\/div>\n\t\t\t\t<\/div>\n\t\t\t\t<\/div>\n\t\t\t\t\t<\/div>\n\t\t\t\t<\/div>\n\t\t<div class=\"elementor-element elementor-element-3c62cb3 e-con-full e-flex e-con e-parent\" data-id=\"3c62cb3\" data-element_type=\"container\" data-e-type=\"container\">\n\t\t<div class=\"elementor-element elementor-element-c5b51c1 e-con-full e-flex e-con e-child\" data-id=\"c5b51c1\" data-element_type=\"container\" data-e-type=\"container\" data-settings=\"{&quot;background_background&quot;:&quot;classic&quot;}\">\n\t\t\t\t<div class=\"elementor-element elementor-element-f70b5c1 elementor-widget__width-initial elementor-widget elementor-widget-heading\" data-id=\"f70b5c1\" data-element_type=\"widget\" data-e-type=\"widget\" data-widget_type=\"heading.default\">\n\t\t\t\t<div class=\"elementor-widget-container\">\n\t\t\t\t\t<h3 class=\"elementor-heading-title elementor-size-default\">Dein Raum f\u00fcr Wohlbefinden, Fitness und gesunde Ern\u00e4hrung<\/h3>\t\t\t\t<\/div>\n\t\t\t\t<\/div>\n\t\t\t\t<div class=\"elementor-element elementor-element-8dee277 elementor-widget elementor-widget-text-editor\" data-id=\"8dee277\" data-element_type=\"widget\" data-e-type=\"widget\" data-widget_type=\"text-editor.default\">\n\t\t\t\t<div class=\"elementor-widget-container\">\n\t\t\t\t\t\t\t\t\tOhne extreme Ma\u00dfnahmen oder unrealistische Versprechungen ist Healthxistence eine verl\u00e4ssliche Anlaufstelle f\u00fcr alle, die sich informieren und inspirieren lassen m\u00f6chten, um gesunde und nachhaltige Gewohnheiten zu entwickeln.\t\t\t\t\t\t\t\t<\/div>\n\t\t\t\t<\/div>\n\t\t\t\t<div class=\"elementor-element elementor-element-888b9cd elementor-widget elementor-widget-text-editor\" data-id=\"888b9cd\" data-element_type=\"widget\" data-e-type=\"widget\" data-widget_type=\"text-editor.default\">\n\t\t\t\t<div class=\"elementor-widget-container\">\n\t\t\t\t\t\t\t\t\t<strong>Erfahre mehr und starte noch heute deine Reise zu langfristigem Wohlbefinden<\/strong>\t\t\t\t\t\t\t\t<\/div>\n\t\t\t\t<\/div>\n\t\t\t\t<div class=\"elementor-element elementor-element-5adedf4 elementor-widget elementor-widget-button\" data-id=\"5adedf4\" data-element_type=\"widget\" data-e-type=\"widget\" data-widget_type=\"button.default\">\n\t\t\t\t<div class=\"elementor-widget-container\">\n\t\t\t\t\t\t\t\t\t<div class=\"elementor-button-wrapper\">\n\t\t\t\t\t<a class=\"elementor-button elementor-button-link elementor-size-sm\" href=\"https:\/\/www.healthxistence.com\/en\/category\/ressourcen\/\">\n\t\t\t\t\t\t<span class=\"elementor-button-content-wrapper\">\n\t\t\t\t\t\t\t\t\t<span class=\"elementor-button-text\">Ressourcen<\/span>\n\t\t\t\t\t<\/span>\n\t\t\t\t\t<\/a>\n\t\t\t\t<\/div>\n\t\t\t\t\t\t\t\t<\/div>\n\t\t\t\t<\/div>\n\t\t\t\t<\/div>\n\t\t\t\t<\/div>\n\t\t\t\t<\/div>","protected":false},"excerpt":{"rendered":"<p>\u00dcber uns Healthxistence ist eine Plattform f\u00fcr Wohlbefinden, Gesundheit und pers\u00f6nliche Entwicklung, mit dem Ziel, verl\u00e4ssliche Informationen und praktische Strategien bereitzustellen, um die Lebensqualit\u00e4t nachhaltig zu verbessern. Hier findest du fundierte Einblicke in Fitness, ausgewogene Ern\u00e4hrung und allgemeines Wohlbefinden, mit einfachen und alltagstauglichen L\u00f6sungen. Was erwartet dich auf Healthxistence? Strategien F\u00fcr Wohlbefinden und pers\u00f6nliche Entwicklung [&hellip;]<\/p>\n","protected":false},"author":1,"featured_media":0,"parent":0,"menu_order":0,"comment_status":"closed","ping_status":"closed","template":"","meta":{"footnotes":""},"class_list":["post-120","page","type-page","status-publish","hentry"],"yoast_head":"<!-- This site is optimized with the Yoast SEO plugin v27.4 - https:\/\/yoast.com\/product\/yoast-seo-wordpress\/ -->\n<title>\u00dcber uns Healthxistence Deine Plattform f\u00fcr Wohlbefinden<\/title>\n<meta name=\"description\" content=\"Lerne Healthxistence kennen \u2013 deine Plattform f\u00fcr Fitness, gesunde Ern\u00e4hrung und nachhaltiges Wohlbefinden. Erfahre, wer wir sind.\" \/>\n<meta name=\"robots\" content=\"index, follow, max-snippet:-1, max-image-preview:large, max-video-preview:-1\" \/>\n<link rel=\"canonical\" href=\"https:\/\/www.healthxistence.com\/en\/ueber-uns\/\" \/>\n<meta property=\"og:locale\" content=\"en_US\" \/>\n<meta property=\"og:type\" content=\"article\" \/>\n<meta property=\"og:title\" content=\"\u00dcber uns Healthxistence Deine Plattform f\u00fcr Wohlbefinden\" \/>\n<meta property=\"og:description\" content=\"Lerne Healthxistence kennen \u2013 deine Plattform f\u00fcr Fitness, gesunde Ern\u00e4hrung und nachhaltiges Wohlbefinden. Erfahre, wer wir sind.\" \/>\n<meta property=\"og:url\" content=\"https:\/\/www.healthxistence.com\/en\/ueber-uns\/\" \/>\n<meta property=\"og:site_name\" content=\"Healthxistence\" \/>\n<meta property=\"article:modified_time\" content=\"2026-02-22T18:46:43+00:00\" \/>\n<meta property=\"og:image\" content=\"https:\/\/www.healthxistence.com\/wp-content\/uploads\/2024\/11\/iStock-1477241200-scaled.jpg\" \/>\n<meta name=\"twitter:card\" content=\"summary_large_image\" \/>\n<meta name=\"twitter:label1\" content=\"Est. reading time\" \/>\n\t<meta name=\"twitter:data1\" content=\"1 minute\" \/>\n<script type=\"application\/ld+json\" class=\"yoast-schema-graph\">{\"@context\":\"https:\\\/\\\/schema.org\",\"@graph\":[{\"@type\":\"WebPage\",\"@id\":\"https:\\\/\\\/www.healthxistence.com\\\/ueber-uns\",\"url\":\"https:\\\/\\\/www.healthxistence.com\\\/ueber-uns\",\"name\":\"\u00dcber uns Healthxistence Deine Plattform f\u00fcr Wohlbefinden\",\"isPartOf\":{\"@id\":\"https:\\\/\\\/www.healthxistence.com\\\/#website\"},\"primaryImageOfPage\":{\"@id\":\"https:\\\/\\\/www.healthxistence.com\\\/ueber-uns#primaryimage\"},\"image\":{\"@id\":\"https:\\\/\\\/www.healthxistence.com\\\/ueber-uns#primaryimage\"},\"thumbnailUrl\":\"https:\\\/\\\/www.healthxistence.com\\\/wp-content\\\/uploads\\\/2024\\\/11\\\/iStock-1477241200-scaled.jpg\",\"datePublished\":\"2024-11-12T00:27:17+00:00\",\"dateModified\":\"2026-02-22T18:46:43+00:00\",\"description\":\"Lerne Healthxistence kennen \u2013 deine Plattform f\u00fcr Fitness, gesunde Ern\u00e4hrung und nachhaltiges Wohlbefinden. Erfahre, wer wir sind.\",\"inLanguage\":\"en-US\",\"potentialAction\":[{\"@type\":\"ReadAction\",\"target\":[\"https:\\\/\\\/www.healthxistence.com\\\/ueber-uns\"]}]},{\"@type\":\"ImageObject\",\"inLanguage\":\"en-US\",\"@id\":\"https:\\\/\\\/www.healthxistence.com\\\/ueber-uns#primaryimage\",\"url\":\"https:\\\/\\\/www.healthxistence.com\\\/wp-content\\\/uploads\\\/2024\\\/11\\\/iStock-1477241200-scaled.jpg\",\"contentUrl\":\"https:\\\/\\\/www.healthxistence.com\\\/wp-content\\\/uploads\\\/2024\\\/11\\\/iStock-1477241200-scaled.jpg\"},{\"@type\":\"WebSite\",\"@id\":\"https:\\\/\\\/www.healthxistence.com\\\/#website\",\"url\":\"https:\\\/\\\/www.healthxistence.com\\\/\",\"name\":\"Healthxistence\",\"description\":\"\",\"publisher\":{\"@id\":\"https:\\\/\\\/www.healthxistence.com\\\/#organization\"},\"potentialAction\":[{\"@type\":\"SearchAction\",\"target\":{\"@type\":\"EntryPoint\",\"urlTemplate\":\"https:\\\/\\\/www.healthxistence.com\\\/?s={search_term_string}\"},\"query-input\":{\"@type\":\"PropertyValueSpecification\",\"valueRequired\":true,\"valueName\":\"search_term_string\"}}],\"inLanguage\":\"en-US\"},{\"@type\":\"Organization\",\"@id\":\"https:\\\/\\\/www.healthxistence.com\\\/#organization\",\"name\":\"Healthxistence\",\"url\":\"https:\\\/\\\/www.healthxistence.com\\\/\",\"logo\":{\"@type\":\"ImageObject\",\"inLanguage\":\"en-US\",\"@id\":\"https:\\\/\\\/www.healthxistence.com\\\/#\\\/schema\\\/logo\\\/image\\\/\",\"url\":\"https:\\\/\\\/www.healthxistence.com\\\/wp-content\\\/uploads\\\/2024\\\/11\\\/Healthxistence-5.webp\",\"contentUrl\":\"https:\\\/\\\/www.healthxistence.com\\\/wp-content\\\/uploads\\\/2024\\\/11\\\/Healthxistence-5.webp\",\"width\":1666,\"height\":387,\"caption\":\"Healthxistence\"},\"image\":{\"@id\":\"https:\\\/\\\/www.healthxistence.com\\\/#\\\/schema\\\/logo\\\/image\\\/\"}}]}<\/script>\n<!-- \/ Yoast SEO plugin. -->","yoast_head_json":{"title":"\u00dcber uns Healthxistence Deine Plattform f\u00fcr Wohlbefinden","description":"Lerne Healthxistence kennen \u2013 deine Plattform f\u00fcr Fitness, gesunde Ern\u00e4hrung und nachhaltiges Wohlbefinden. Erfahre, wer wir sind.","robots":{"index":"index","follow":"follow","max-snippet":"max-snippet:-1","max-image-preview":"max-image-preview:large","max-video-preview":"max-video-preview:-1"},"canonical":"https:\/\/www.healthxistence.com\/en\/ueber-uns\/","og_locale":"en_US","og_type":"article","og_title":"\u00dcber uns Healthxistence Deine Plattform f\u00fcr Wohlbefinden","og_description":"Lerne Healthxistence kennen \u2013 deine Plattform f\u00fcr Fitness, gesunde Ern\u00e4hrung und nachhaltiges Wohlbefinden. Erfahre, wer wir sind.","og_url":"https:\/\/www.healthxistence.com\/en\/ueber-uns\/","og_site_name":"Healthxistence","article_modified_time":"2026-02-22T18:46:43+00:00","og_image":[{"url":"https:\/\/www.healthxistence.com\/wp-content\/uploads\/2024\/11\/iStock-1477241200-scaled.jpg","type":"","width":"","height":""}],"twitter_card":"summary_large_image","twitter_misc":{"Est. reading time":"1 minute"},"schema":{"@context":"https:\/\/schema.org","@graph":[{"@type":"WebPage","@id":"https:\/\/www.healthxistence.com\/ueber-uns","url":"https:\/\/www.healthxistence.com\/ueber-uns","name":"\u00dcber uns Healthxistence Deine Plattform f\u00fcr Wohlbefinden","isPartOf":{"@id":"https:\/\/www.healthxistence.com\/#website"},"primaryImageOfPage":{"@id":"https:\/\/www.healthxistence.com\/ueber-uns#primaryimage"},"image":{"@id":"https:\/\/www.healthxistence.com\/ueber-uns#primaryimage"},"thumbnailUrl":"https:\/\/www.healthxistence.com\/wp-content\/uploads\/2024\/11\/iStock-1477241200-scaled.jpg","datePublished":"2024-11-12T00:27:17+00:00","dateModified":"2026-02-22T18:46:43+00:00","description":"Lerne Healthxistence kennen \u2013 deine Plattform f\u00fcr Fitness, gesunde Ern\u00e4hrung und nachhaltiges Wohlbefinden. Erfahre, wer wir sind.","inLanguage":"en-US","potentialAction":[{"@type":"ReadAction","target":["https:\/\/www.healthxistence.com\/ueber-uns"]}]},{"@type":"ImageObject","inLanguage":"en-US","@id":"https:\/\/www.healthxistence.com\/ueber-uns#primaryimage","url":"https:\/\/www.healthxistence.com\/wp-content\/uploads\/2024\/11\/iStock-1477241200-scaled.jpg","contentUrl":"https:\/\/www.healthxistence.com\/wp-content\/uploads\/2024\/11\/iStock-1477241200-scaled.jpg"},{"@type":"WebSite","@id":"https:\/\/www.healthxistence.com\/#website","url":"https:\/\/www.healthxistence.com\/","name":"Healthxistence","description":"","publisher":{"@id":"https:\/\/www.healthxistence.com\/#organization"},"potentialAction":[{"@type":"SearchAction","target":{"@type":"EntryPoint","urlTemplate":"https:\/\/www.healthxistence.com\/?s={search_term_string}"},"query-input":{"@type":"PropertyValueSpecification","valueRequired":true,"valueName":"search_term_string"}}],"inLanguage":"en-US"},{"@type":"Organization","@id":"https:\/\/www.healthxistence.com\/#organization","name":"Healthxistence","url":"https:\/\/www.healthxistence.com\/","logo":{"@type":"ImageObject","inLanguage":"en-US","@id":"https:\/\/www.healthxistence.com\/#\/schema\/logo\/image\/","url":"https:\/\/www.healthxistence.com\/wp-content\/uploads\/2024\/11\/Healthxistence-5.webp","contentUrl":"https:\/\/www.healthxistence.com\/wp-content\/uploads\/2024\/11\/Healthxistence-5.webp","width":1666,"height":387,"caption":"Healthxistence"},"image":{"@id":"https:\/\/www.healthxistence.com\/#\/schema\/logo\/image\/"}}]}},"rttpg_featured_image_url":null,"rttpg_author":{"display_name":"Pablo Gubbi","author_link":"https:\/\/www.healthxistence.com\/en\/author\/pablo-gubbi"},"rttpg_comment":0,"rttpg_category":null,"rttpg_excerpt":"\u00dcber uns Healthxistence ist eine Plattform f\u00fcr Wohlbefinden, Gesundheit und pers\u00f6nliche Entwicklung, mit dem Ziel, verl\u00e4ssliche Informationen und praktische Strategien bereitzustellen, um die Lebensqualit\u00e4t nachhaltig zu verbessern. Hier findest du fundierte Einblicke in Fitness, ausgewogene Ern\u00e4hrung und allgemeines Wohlbefinden, mit einfachen und alltagstauglichen L\u00f6sungen. Was erwartet dich auf Healthxistence? Strategien F\u00fcr Wohlbefinden und pers\u00f6nliche Entwicklung&hellip;","_links":{"self":[{"href":"https:\/\/www.healthxistence.com\/en\/wp-json\/wp\/v2\/pages\/120","targetHints":{"allow":["GET"]}}],"collection":[{"href":"https:\/\/www.healthxistence.com\/en\/wp-json\/wp\/v2\/pages"}],"about":[{"href":"https:\/\/www.healthxistence.com\/en\/wp-json\/wp\/v2\/types\/page"}],"author":[{"embeddable":true,"href":"https:\/\/www.healthxistence.com\/en\/wp-json\/wp\/v2\/users\/1"}],"replies":[{"embeddable":true,"href":"https:\/\/www.healthxistence.com\/en\/wp-json\/wp\/v2\/comments?post=120"}],"version-history":[{"count":98,"href":"https:\/\/www.healthxistence.com\/en\/wp-json\/wp\/v2\/pages\/120\/revisions"}],"predecessor-version":[{"id":1836,"href":"https:\/\/www.healthxistence.com\/en\/wp-json\/wp\/v2\/pages\/120\/revisions\/1836"}],"wp:attachment":[{"href":"https:\/\/www.healthxistence.com\/en\/wp-json\/wp\/v2\/media?parent=120"}],"curies":[{"name":"wp","href":"https:\/\/api.w.org\/{rel}","templated":true}]}}